{"id":1248,"date":"2024-07-16T11:40:45","date_gmt":"2024-07-16T09:40:45","guid":{"rendered":"http:\/\/www.doggo.mc\/?page_id=1248"},"modified":"2024-07-24T11:38:19","modified_gmt":"2024-07-24T09:38:19","slug":"contatti","status":"publish","type":"page","link":"https:\/\/www.doggo.mc\/it\/contatti\/","title":{"rendered":"Contatti"},"content":{"rendered":"\t\t<div data-elementor-type=\"wp-page\" data-elementor-id=\"1248\" class=\"elementor elementor-1248 elementor-67\" data-elementor-post-type=\"page\">\n\t\t\t\t<div class=\"elementor-element elementor-element-faa7000 e-con-full page-header align-content-center e-flex e-con e-parent\" data-id=\"faa7000\" data-element_type=\"container\" id=\"contacts-header\" data-settings=\"{&quot;background_background&quot;:&quot;classic&quot;}\">\n\t\t<div class=\"elementor-element elementor-element-7797a50 e-con-full e-flex e-con e-child\" data-id=\"7797a50\" data-element_type=\"container\" data-settings=\"{&quot;background_background&quot;:&quot;classic&quot;}\">\n\t\t\t\t<div class=\"elementor-element elementor-element-9ced3c2 elementor-widget__width-initial elementor-absolute elementor-widget elementor-widget-image\" data-id=\"9ced3c2\" data-element_type=\"widget\" data-settings=\"{&quot;_position&quot;:&quot;absolute&quot;}\" data-widget_type=\"image.default\">\n\t\t\t\t<div class=\"elementor-widget-container\">\n\t\t\t\t\t\t\t\t\t\t\t\t\t<img fetchpriority=\"high\" decoding=\"async\" width=\"1000\" height=\"1004\" src=\"https:\/\/www.doggo.mc\/wp-content\/uploads\/2024\/07\/doggo-zampa-white.png\" class=\"attachment-full size-full wp-image-44\" alt=\"\" srcset=\"https:\/\/www.doggo.mc\/wp-content\/uploads\/2024\/07\/doggo-zampa-white.png 1000w, https:\/\/www.doggo.mc\/wp-content\/uploads\/2024\/07\/doggo-zampa-white-300x300.png 300w, https:\/\/www.doggo.mc\/wp-content\/uploads\/2024\/07\/doggo-zampa-white-150x150.png 150w, https:\/\/www.doggo.mc\/wp-content\/uploads\/2024\/07\/doggo-zampa-white-768x771.png 768w\" sizes=\"(max-width: 1000px) 100vw, 1000px\" \/>\t\t\t\t\t\t\t\t\t\t\t\t\t<\/div>\n\t\t\t\t<\/div>\n\t\t<div class=\"elementor-element elementor-element-092e7fc e-con-full content e-flex e-con e-child\" data-id=\"092e7fc\" data-element_type=\"container\">\n\t\t<div class=\"elementor-element elementor-element-1d314b1 e-con-full e-flex e-con e-child\" data-id=\"1d314b1\" data-element_type=\"container\">\n\t\t\t\t<div class=\"elementor-element elementor-element-ca1df1b elementor-widget-mobile__width-initial elementor-widget elementor-widget-heading\" data-id=\"ca1df1b\" data-element_type=\"widget\" data-widget_type=\"heading.default\">\n\t\t\t\t<div class=\"elementor-widget-container\">\n\t\t\t<h1 class=\"elementor-heading-title elementor-size-default\">Richiedi informazioni<\/h1>\t\t<\/div>\n\t\t\t\t<\/div>\n\t\t\t\t<div class=\"elementor-element elementor-element-d3e6a00 elementor-widget__width-initial elementor-widget elementor-widget-image\" data-id=\"d3e6a00\" data-element_type=\"widget\" data-widget_type=\"image.default\">\n\t\t\t\t<div class=\"elementor-widget-container\">\n\t\t\t\t\t\t\t\t\t\t\t\t\t<img decoding=\"async\" width=\"1000\" height=\"22\" src=\"https:\/\/www.doggo.mc\/wp-content\/uploads\/2024\/07\/doggo-divider.png\" class=\"attachment-full size-full wp-image-138\" alt=\"\" srcset=\"https:\/\/www.doggo.mc\/wp-content\/uploads\/2024\/07\/doggo-divider.png 1000w, https:\/\/www.doggo.mc\/wp-content\/uploads\/2024\/07\/doggo-divider-300x7.png 300w, https:\/\/www.doggo.mc\/wp-content\/uploads\/2024\/07\/doggo-divider-768x17.png 768w\" sizes=\"(max-width: 1000px) 100vw, 1000px\" \/>\t\t\t\t\t\t\t\t\t\t\t\t\t<\/div>\n\t\t\t\t<\/div>\n\t\t\t\t<div class=\"elementor-element elementor-element-0f4ce82 elementor-widget-mobile__width-initial elementor-widget elementor-widget-heading\" data-id=\"0f4ce82\" data-element_type=\"widget\" data-widget_type=\"heading.default\">\n\t\t\t\t<div class=\"elementor-widget-container\">\n\t\t\t<h3 class=\"elementor-heading-title elementor-size-default\">Siamo a vostra disposizione per qualunque esigenza e prenotazione.<\/h3>\t\t<\/div>\n\t\t\t\t<\/div>\n\t\t\t\t<\/div>\n\t\t\t\t<\/div>\n\t\t\t\t<\/div>\n\t\t\t\t<\/div>\n\t\t<div class=\"elementor-element elementor-element-2734c76 e-flex e-con-boxed e-con e-parent\" data-id=\"2734c76\" data-element_type=\"container\">\n\t\t\t\t\t<div class=\"e-con-inner\">\n\t\t<div class=\"elementor-element elementor-element-cea0568 e-con-full e-flex e-con e-child\" data-id=\"cea0568\" data-element_type=\"container\">\n\t\t\t\t<div class=\"elementor-element elementor-element-5775751 elementor-widget elementor-widget-heading\" data-id=\"5775751\" data-element_type=\"widget\" data-widget_type=\"heading.default\">\n\t\t\t\t<div class=\"elementor-widget-container\">\n\t\t\t<h2 class=\"elementor-heading-title elementor-size-default\">Compila il form di prenotazione<\/h2>\t\t<\/div>\n\t\t\t\t<\/div>\n\t\t\t\t<div class=\"elementor-element elementor-element-4daf18a elementor-button-align-start elementor-widget elementor-widget-form\" data-id=\"4daf18a\" data-element_type=\"widget\" id=\"contact-form\" data-settings=\"{&quot;step_next_label&quot;:&quot;Suivant&quot;,&quot;step_previous_label&quot;:&quot;Pr\\u00e9c\\u00e9dent&quot;,&quot;button_width&quot;:&quot;100&quot;,&quot;step_type&quot;:&quot;number_text&quot;,&quot;step_icon_shape&quot;:&quot;circle&quot;}\" data-widget_type=\"form.default\">\n\t\t\t\t<div class=\"elementor-widget-container\">\n\t\t\t\t\t<form class=\"elementor-form\" method=\"post\" name=\"Nouveau formulaire\">\n\t\t\t<input type=\"hidden\" name=\"post_id\" value=\"1248\"\/>\n\t\t\t<input type=\"hidden\" name=\"form_id\" value=\"4daf18a\"\/>\n\t\t\t<input type=\"hidden\" name=\"referer_title\" value=\"\" \/>\n\n\t\t\t\n\t\t\t<div class=\"elementor-form-fields-wrapper elementor-labels-above\">\n\t\t\t\t\t\t\t\t<div class=\"elementor-field-type-text elementor-field-group elementor-column elementor-field-group-name elementor-col-50 elementor-field-required\">\n\t\t\t\t\t\t\t\t\t\t\t\t<label for=\"form-field-name\" class=\"elementor-field-label\">\n\t\t\t\t\t\t\t\tNome\t\t\t\t\t\t\t<\/label>\n\t\t\t\t\t\t\t\t\t\t\t\t\t\t<input size=\"1\" type=\"text\" name=\"form_fields[name]\" id=\"form-field-name\" class=\"elementor-field elementor-size-sm  elementor-field-textual\" required=\"required\" aria-required=\"true\">\n\t\t\t\t\t\t\t\t\t\t\t<\/div>\n\t\t\t\t\t\t\t\t<div class=\"elementor-field-type-email elementor-field-group elementor-column elementor-field-group-email elementor-col-50 elementor-field-required\">\n\t\t\t\t\t\t\t\t\t\t\t\t<label for=\"form-field-email\" class=\"elementor-field-label\">\n\t\t\t\t\t\t\t\tE-mail\t\t\t\t\t\t\t<\/label>\n\t\t\t\t\t\t\t\t\t\t\t\t\t\t<input size=\"1\" type=\"email\" name=\"form_fields[email]\" id=\"form-field-email\" class=\"elementor-field elementor-size-sm  elementor-field-textual\" required=\"required\" aria-required=\"true\">\n\t\t\t\t\t\t\t\t\t\t\t<\/div>\n\t\t\t\t\t\t\t\t<div class=\"elementor-field-type-tel elementor-field-group elementor-column elementor-field-group-field_1fd6f13 elementor-col-50 elementor-field-required\">\n\t\t\t\t\t\t\t\t\t\t\t\t<label for=\"form-field-field_1fd6f13\" class=\"elementor-field-label\">\n\t\t\t\t\t\t\t\tTelefono\t\t\t\t\t\t\t<\/label>\n\t\t\t\t\t\t\t\t<input size=\"1\" type=\"tel\" name=\"form_fields[field_1fd6f13]\" id=\"form-field-field_1fd6f13\" class=\"elementor-field elementor-size-sm  elementor-field-textual\" required=\"required\" aria-required=\"true\" pattern=\"[0-9()#&amp;+*-=.]+\" title=\"Sono accettati solo numeri e caratteri telefonici (#, -, *, ecc.).\">\n\n\t\t\t\t\t\t<\/div>\n\t\t\t\t\t\t\t\t<div class=\"elementor-field-type-select elementor-field-group elementor-column elementor-field-group-field_34cd142 elementor-col-50 elementor-field-required\">\n\t\t\t\t\t\t\t\t\t\t\t\t<label for=\"form-field-field_34cd142\" class=\"elementor-field-label\">\n\t\t\t\t\t\t\t\tQuale servizio ti interessa?\t\t\t\t\t\t\t<\/label>\n\t\t\t\t\t\t\t\t<div class=\"elementor-field elementor-select-wrapper remove-before \">\n\t\t\t<div class=\"select-caret-down-wrapper\">\n\t\t\t\t<svg aria-hidden=\"true\" class=\"e-font-icon-svg e-eicon-caret-down\" viewBox=\"0 0 571.4 571.4\" xmlns=\"http:\/\/www.w3.org\/2000\/svg\"><path d=\"M571 393Q571 407 561 418L311 668Q300 679 286 679T261 668L11 418Q0 407 0 393T11 368 36 357H536Q550 357 561 368T571 393Z\"><\/path><\/svg>\t\t\t<\/div>\n\t\t\t<select name=\"form_fields[field_34cd142]\" id=\"form-field-field_34cd142\" class=\"elementor-field-textual elementor-size-sm\" required=\"required\" aria-required=\"true\">\n\t\t\t\t\t\t\t\t\t<option value=\"Passeggiata di gruppo\">Passeggiata di gruppo<\/option>\n\t\t\t\t\t\t\t\t\t<option value=\"Passeggiata privata\">Passeggiata privata<\/option>\n\t\t\t\t\t\t\t\t\t<option value=\"Avventura mezza giornata di sabato \">Avventura mezza giornata di sabato <\/option>\n\t\t\t\t\t\t\t\t\t<option value=\"Programma educativo personalizzato\">Programma educativo personalizzato<\/option>\n\t\t\t\t\t\t\t\t\t<option value=\"Day care\">Day care<\/option>\n\t\t\t\t\t\t\t\t\t<option value=\"Dog sitting\">Dog sitting<\/option>\n\t\t\t\t\t\t\t<\/select>\n\t\t<\/div>\n\t\t\t\t\t\t<\/div>\n\t\t\t\t\t\t\t\t<div class=\"elementor-field-type-textarea elementor-field-group elementor-column elementor-field-group-message elementor-col-100 elementor-field-required\">\n\t\t\t\t\t\t\t\t\t\t\t\t<label for=\"form-field-message\" class=\"elementor-field-label\">\n\t\t\t\t\t\t\t\tScrivi un messaggio\t\t\t\t\t\t\t<\/label>\n\t\t\t\t\t\t<textarea class=\"elementor-field-textual elementor-field  elementor-size-sm\" name=\"form_fields[message]\" id=\"form-field-message\" rows=\"4\" required=\"required\" aria-required=\"true\"><\/textarea>\t\t\t\t<\/div>\n\t\t\t\t\t\t\t\t<div class=\"elementor-field-type-acceptance elementor-field-group elementor-column elementor-field-group-field_462b669 elementor-col-100 elementor-field-required\">\n\t\t\t\t\t\t\t\t\t\t\t\t<label for=\"form-field-field_462b669\" class=\"elementor-field-label\">\n\t\t\t\t\t\t\t\tJ'autorise le traitement de mes donn\u00e9es personnelles conform\u00e9ment \u00e0 la Politique de confidentialit\u00e9\t\t\t\t\t\t\t<\/label>\n\t\t\t\t\t\t\t\t<div class=\"elementor-field-subgroup\">\n\t\t\t<span class=\"elementor-field-option\">\n\t\t\t\t<input type=\"checkbox\" name=\"form_fields[field_462b669]\" id=\"form-field-field_462b669\" class=\"elementor-field elementor-size-sm  elementor-acceptance-field\" required=\"required\" aria-required=\"true\">\n\t\t\t\t<label for=\"form-field-field_462b669\">Autorizzo al trattamento dei miei dati personali come da <strong><a href=\"https:\/\/www.iubenda.com\/privacy-policy\/82270357\" class=\"iubenda-nostyle no-brand iubenda-noiframe iubenda-embed iubenda-noiframe \" title=\"Privacy Policy \">Privacy Policy<\/a><script type=\"text\/javascript\">(function (w,d) {var loader = function () {var s = d.createElement(\"script\"), tag = d.getElementsByTagName(\"script\")[0]; s.src=\"https:\/\/cdn.iubenda.com\/iubenda.js\"; tag.parentNode.insertBefore(s,tag);}; if(w.addEventListener){w.addEventListener(\"load\", loader, false);}else if(w.attachEvent){w.attachEvent(\"onload\", loader);}else{w.onload = loader;}})(window, document);<\/script><\/strong>.<\/label>\t\t\t<\/span>\n\t\t<\/div>\n\t\t\t\t\t\t<\/div>\n\t\t\t\t\t\t\t\t<div class=\"elementor-field-type-recaptcha_v3 elementor-field-group elementor-column elementor-field-group-field_78b2db2 elementor-col-100 recaptcha_v3-bottomright\">\n\t\t\t\t\t<div class=\"elementor-field\" id=\"form-field-field_78b2db2\"><div class=\"elementor-g-recaptcha\" data-sitekey=\"6LeashYqAAAAAIdPa5bCK_qNGmoMRjk7g_enqxEr\" data-type=\"v3\" data-action=\"Form\" data-badge=\"bottomright\" data-size=\"invisible\"><\/div><\/div>\t\t\t\t<\/div>\n\t\t\t\t\t\t\t\t<div class=\"elementor-field-group elementor-column elementor-field-type-submit elementor-col-100 e-form__buttons\">\n\t\t\t\t\t<button class=\"elementor-button elementor-size-sm\" type=\"submit\">\n\t\t\t\t\t\t<span class=\"elementor-button-content-wrapper\">\n\t\t\t\t\t\t\t\t\t\t\t\t\t\t\t\t\t\t\t\t\t\t<span class=\"elementor-button-text\">Invia richiesta<\/span>\n\t\t\t\t\t\t\t\t\t\t\t\t\t<\/span>\n\t\t\t\t\t<\/button>\n\t\t\t\t<\/div>\n\t\t\t<\/div>\n\t\t<\/form>\n\t\t\t\t<\/div>\n\t\t\t\t<\/div>\n\t\t\t\t<\/div>\n\t\t<div class=\"elementor-element elementor-element-44701e1 e-con-full elementor-hidden-tablet elementor-hidden-mobile e-flex e-con e-child\" data-id=\"44701e1\" data-element_type=\"container\" data-settings=\"{&quot;background_background&quot;:&quot;classic&quot;,&quot;position&quot;:&quot;absolute&quot;}\">\n\t\t\t\t<\/div>\n\t\t\t\t\t<\/div>\n\t\t\t\t<\/div>\n\t\t<div class=\"elementor-element elementor-element-40b5b12 elementor-hidden-desktop e-con-full e-flex e-con e-parent\" data-id=\"40b5b12\" data-element_type=\"container\">\n\t\t<div class=\"elementor-element elementor-element-a27b3af e-con-full e-flex e-con e-child\" data-id=\"a27b3af\" data-element_type=\"container\" data-settings=\"{&quot;background_background&quot;:&quot;classic&quot;}\">\n\t\t\t\t<\/div>\n\t\t\t\t<\/div>\n\t\t\t\t<\/div>\n\t\t","protected":false},"excerpt":{"rendered":"<p>Richiedi informazioni Siamo a vostra disposizione per qualunque esigenza e prenotazione. Compila il form di prenotazione<\/p>\n","protected":false},"author":4,"featured_media":0,"parent":0,"menu_order":0,"comment_status":"closed","ping_status":"closed","template":"","meta":{"footnotes":""},"class_list":["post-1248","page","type-page","status-publish","hentry"],"_links":{"self":[{"href":"https:\/\/www.doggo.mc\/it\/wp-json\/wp\/v2\/pages\/1248","targetHints":{"allow":["GET"]}}],"collection":[{"href":"https:\/\/www.doggo.mc\/it\/wp-json\/wp\/v2\/pages"}],"about":[{"href":"https:\/\/www.doggo.mc\/it\/wp-json\/wp\/v2\/types\/page"}],"author":[{"embeddable":true,"href":"https:\/\/www.doggo.mc\/it\/wp-json\/wp\/v2\/users\/4"}],"replies":[{"embeddable":true,"href":"https:\/\/www.doggo.mc\/it\/wp-json\/wp\/v2\/comments?post=1248"}],"version-history":[{"count":22,"href":"https:\/\/www.doggo.mc\/it\/wp-json\/wp\/v2\/pages\/1248\/revisions"}],"predecessor-version":[{"id":1513,"href":"https:\/\/www.doggo.mc\/it\/wp-json\/wp\/v2\/pages\/1248\/revisions\/1513"}],"wp:attachment":[{"href":"https:\/\/www.doggo.mc\/it\/wp-json\/wp\/v2\/media?parent=1248"}],"curies":[{"name":"wp","href":"https:\/\/api.w.org\/{rel}","templated":true}]}}